{"id":7478,"date":"2017-10-25T17:41:39","date_gmt":"2017-10-25T15:41:39","guid":{"rendered":"https:\/\/www.bajabikes.eu\/blog\/?page_id=7478"},"modified":"2018-03-27T09:54:58","modified_gmt":"2018-03-27T07:54:58","slug":"ueber-baja-bikes","status":"publish","type":"page","link":"https:\/\/www.bajabikes.eu\/blog\/de\/ueber-baja-bikes\/","title":{"rendered":"\u00dcber Baja Bikes"},"content":{"rendered":"<div id=\"post-body-427685592620577046\">\n<h2><b>Fahrradtouren und Stadtf\u00fchrungen zu Fu\u00df mit Baja Bikes<\/b><\/h2>\n<div>Wir sind auf Fahrradtouren, Stadtf\u00fchrungen und Fahrradverleih in den Top-St\u00e4dten weltweit so wie Barcelona, Amsterdam oder New York spezialisiert.<\/p>\n<h2>Die Touren von Baja Bikes<\/h2>\n<div><\/div>\n<p>Unsere Baja Bikes Touren k\u00f6nnen via unserer Website einfach und schnell gebucht werden. So kannst du die Stadt die du besuchst auf besonders sch\u00f6ne Art und Weise entdecken. W\u00e4hrend der Highlights Tour, welche es in jeder Stadt zu buchen gibt, bekommst du einen tollen \u00dcberblick von den wichtigsten Sehensw\u00fcrdigkeiten der Stadt. In etwa 3-4 Stunden (h\u00e4ngt von der Stadt ab) lernst du die Stadt mit einem unserer Guides kennen. Dar\u00fcber hinaus haben wir in jeder Stadt spezielle Touren mit bestimmten Schwerpunkten, wie zum Beispiel eine <a href=\"https:\/\/www.bajabikes.eu\/de\/barcelona-tapas-fahrradtour\/\" target=\"_blank\" rel=\"noopener\">Tapas Tour<\/a> in Barcelona, eine <a href=\"https:\/\/www.bajabikes.eu\/de\/berlin-ost-west-mauer-radtour\/\" target=\"_blank\" rel=\"noopener\">Tour entlang der Berliner Mauer<\/a> in Berlin oder eine <a href=\"https:\/\/www.bajabikes.eu\/de\/manhattan-brooklyn-fahrradtour\/\" target=\"_blank\" rel=\"noopener\">Brooklyn Tour<\/a> in New York. Alle Fahrradtouren, den Fahrradverleih oder unsere Stadtf\u00fchrungen zu Fu\u00df findest du auf unserer <a href=\"https:\/\/www.bajabikes.eu\/de\/\" target=\"_blank\" rel=\"noopener\">Website<\/a>.<\/p>\n<\/div>\n<h2>Buchen bei Baja Bikes<\/h2>\n<p>Buchen kannst du eine unserer Touren ganz einfach \u00fcber unsere Website. W\u00e4hle einfach die Tour deiner Wahl aus und reserviere f\u00fcr den Tag, an dem du mit uns in einer Stadt radeln m\u00f6chtest. Nat\u00fcrlich erheben wir keine Buchungsgeb\u00fchren und eine Vorauszahlung ist ebenfalls nicht notwendig.<br \/>\n<strong>M\u00f6chtest du einen Eindruck von einer unserer Touren? Sehe dir unser Video von unserer <a href=\"https:\/\/www.bajabikes.eu\/de\/amsterdam-fahrrad\/\" target=\"_blank\" rel=\"noopener\">Tour in Amsterdam<\/a> an: <\/strong><\/p>\n<p><iframe src=\"https:\/\/player.vimeo.com\/video\/200948304\" width=\"500\" height=\"281\" frameborder=\"0\" allowfullscreen=\"allowfullscreen\" data-mce-fragment=\"1\"><\/iframe><\/p>\n<\/div>\n","protected":false},"excerpt":{"rendered":"<p>Fahrradtouren und Stadtf\u00fchrungen zu Fu\u00df mit Baja Bikes Wir sind auf Fahrradtouren, Stadtf\u00fchrungen und Fahrradverleih&hellip;<\/p>\n","protected":false},"author":12,"featured_media":0,"parent":0,"menu_order":0,"comment_status":"closed","ping_status":"closed","template":"","meta":{"_yoast_wpseo_focuskw":"","_yoast_wpseo_title":"Blog | \u00dcber Baja Bikes","_yoast_wpseo_metadesc":"","_lmt_disableupdate":"","_lmt_disable":"","footnotes":""},"class_list":["post-7478","page","type-page","status-publish","hentry"],"yoast_head":"<!-- This site is optimized with the Yoast SEO Premium plugin v27.3 (Yoast SEO v27.3) - https:\/\/yoast.com\/product\/yoast-seo-premium-wordpress\/ -->\n<title>Blog | \u00dcber Baja Bikes<\/title>\n<meta name=\"robots\" content=\"index, follow, max-snippet:-1, max-image-preview:large, max-video-preview:-1\" \/>\n<link rel=\"canonical\" href=\"https:\/\/www.bajabikes.eu\/blog\/de\/ueber-baja-bikes\/\" \/>\n<meta property=\"og:locale\" content=\"de_DE\" \/>\n<meta property=\"og:type\" content=\"article\" \/>\n<meta property=\"og:title\" content=\"\u00dcber Baja Bikes\" \/>\n<meta property=\"og:description\" content=\"Fahrradtouren und Stadtf\u00fchrungen zu Fu\u00df mit Baja Bikes Wir sind auf Fahrradtouren, Stadtf\u00fchrungen und Fahrradverleih&hellip;\" \/>\n<meta property=\"og:url\" content=\"https:\/\/www.bajabikes.eu\/blog\/de\/ueber-baja-bikes\/\" \/>\n<meta property=\"og:site_name\" content=\"Blog | Tolle Tipps f\u00fcr deine St\u00e4dtetrips &amp; Urlaub\" \/>\n<meta property=\"article:publisher\" content=\"https:\/\/www.facebook.com\/Bajabikes.bcn\/?brand_redir=1198817846835600\" \/>\n<meta property=\"article:modified_time\" content=\"2018-03-27T07:54:58+00:00\" \/>\n<meta property=\"og:image\" content=\"https:\/\/cdn.bajabikes.eu\/blog\/wp-content\/uploads\/2024\/01\/24174153\/socialbajabikes.jpg\" \/>\n\t<meta property=\"og:image:width\" content=\"1200\" \/>\n\t<meta property=\"og:image:height\" content=\"675\" \/>\n\t<meta property=\"og:image:type\" content=\"image\/jpeg\" \/>\n<meta name=\"twitter:label1\" content=\"Est. reading time\" \/>\n\t<meta name=\"twitter:data1\" content=\"1 minute\" \/>\n<script type=\"application\/ld+json\" class=\"yoast-schema-graph\">{\"@context\":\"https:\\\/\\\/schema.org\",\"@graph\":[{\"@type\":\"WebPage\",\"@id\":\"https:\\\/\\\/www.bajabikes.eu\\\/blog\\\/de\\\/ueber-baja-bikes\\\/\",\"url\":\"https:\\\/\\\/www.bajabikes.eu\\\/blog\\\/de\\\/ueber-baja-bikes\\\/\",\"name\":\"Blog | \u00dcber Baja Bikes\",\"isPartOf\":{\"@id\":\"https:\\\/\\\/www.bajabikes.eu\\\/blog\\\/nl\\\/#website\"},\"datePublished\":\"2017-10-25T15:41:39+00:00\",\"dateModified\":\"2018-03-27T07:54:58+00:00\",\"breadcrumb\":{\"@id\":\"https:\\\/\\\/www.bajabikes.eu\\\/blog\\\/de\\\/ueber-baja-bikes\\\/#breadcrumb\"},\"inLanguage\":\"de\",\"potentialAction\":[{\"@type\":\"ReadAction\",\"target\":[\"https:\\\/\\\/www.bajabikes.eu\\\/blog\\\/de\\\/ueber-baja-bikes\\\/\"]}]},{\"@type\":\"BreadcrumbList\",\"@id\":\"https:\\\/\\\/www.bajabikes.eu\\\/blog\\\/de\\\/ueber-baja-bikes\\\/#breadcrumb\",\"itemListElement\":[{\"@type\":\"ListItem\",\"position\":1,\"name\":\"Home\",\"item\":\"https:\\\/\\\/www.bajabikes.eu\\\/blog\\\/nl\\\/\"},{\"@type\":\"ListItem\",\"position\":2,\"name\":\"\u00dcber Baja Bikes\"}]},{\"@type\":\"WebSite\",\"@id\":\"https:\\\/\\\/www.bajabikes.eu\\\/blog\\\/nl\\\/#website\",\"url\":\"https:\\\/\\\/www.bajabikes.eu\\\/blog\\\/nl\\\/\",\"name\":\"Citytrip blog vol tips. Ontdek wereldsteden op de fiets met gids!\",\"description\":\"Erlebe die sch\u00f6nsten Reiseziele mit den Tipps von Baja Bikes\",\"publisher\":{\"@id\":\"https:\\\/\\\/www.bajabikes.eu\\\/blog\\\/nl\\\/#organization\"},\"potentialAction\":[{\"@type\":\"SearchAction\",\"target\":{\"@type\":\"EntryPoint\",\"urlTemplate\":\"https:\\\/\\\/www.bajabikes.eu\\\/blog\\\/nl\\\/?s={search_term_string}\"},\"query-input\":{\"@type\":\"PropertyValueSpecification\",\"valueRequired\":true,\"valueName\":\"search_term_string\"}}],\"inLanguage\":\"de\"},{\"@type\":\"Organization\",\"@id\":\"https:\\\/\\\/www.bajabikes.eu\\\/blog\\\/nl\\\/#organization\",\"name\":\"Baja Bikes\",\"alternateName\":\"Baja Bikes Fietstours\",\"url\":\"https:\\\/\\\/www.bajabikes.eu\\\/blog\\\/nl\\\/\",\"logo\":{\"@type\":\"ImageObject\",\"inLanguage\":\"de\",\"@id\":\"https:\\\/\\\/www.bajabikes.eu\\\/blog\\\/nl\\\/#\\\/schema\\\/logo\\\/image\\\/\",\"url\":\"https:\\\/\\\/cdn.bajabikes.eu\\\/blog\\\/wp-content\\\/uploads\\\/2016\\\/03\\\/27160021\\\/Logo-Facebook.jpg\",\"contentUrl\":\"https:\\\/\\\/cdn.bajabikes.eu\\\/blog\\\/wp-content\\\/uploads\\\/2016\\\/03\\\/27160021\\\/Logo-Facebook.jpg\",\"width\":546,\"height\":546,\"caption\":\"Baja Bikes\"},\"image\":{\"@id\":\"https:\\\/\\\/www.bajabikes.eu\\\/blog\\\/nl\\\/#\\\/schema\\\/logo\\\/image\\\/\"},\"sameAs\":[\"https:\\\/\\\/www.facebook.com\\\/Bajabikes.bcn\\\/?brand_redir=1198817846835600\",\"https:\\\/\\\/x.com\\\/bajabikes\",\"https:\\\/\\\/www.instagram.com\\\/bajabikes\\\/?hl=nl\"],\"description\":\"Baja Bikes is de marktleider in Nederlandstalige en internationale fietstours in meer dan 200 steden wereldwijd. Sinds 2005 maken we het voor reizigers makkelijk om een stad te ontdekken met een lokale gids op de fiets. Of je nu reist met je gezin, partner of in een groep, wij bieden veilige, informatieve en leuke tours die starten in het hart van de stad. Onze tours zijn online te boeken met gegarandeerde starttijden.\",\"email\":\"info@bajabikes.eu\",\"telephone\":\"+34646252199\",\"legalName\":\"CITYTOURS & DREAMS, SL\",\"foundingDate\":\"2005-01-06\",\"vatID\":\"ESB64877202\",\"numberOfEmployees\":{\"@type\":\"QuantitativeValue\",\"minValue\":\"1\",\"maxValue\":\"10\"}}]}<\/script>\n<!-- \/ Yoast SEO Premium plugin. -->","yoast_head_json":{"title":"Blog | \u00dcber Baja Bikes","robots":{"index":"index","follow":"follow","max-snippet":"max-snippet:-1","max-image-preview":"max-image-preview:large","max-video-preview":"max-video-preview:-1"},"canonical":"https:\/\/www.bajabikes.eu\/blog\/de\/ueber-baja-bikes\/","og_locale":"de_DE","og_type":"article","og_title":"\u00dcber Baja Bikes","og_description":"Fahrradtouren und Stadtf\u00fchrungen zu Fu\u00df mit Baja Bikes Wir sind auf Fahrradtouren, Stadtf\u00fchrungen und Fahrradverleih&hellip;","og_url":"https:\/\/www.bajabikes.eu\/blog\/de\/ueber-baja-bikes\/","og_site_name":"Blog | Tolle Tipps f\u00fcr deine St\u00e4dtetrips & Urlaub","article_publisher":"https:\/\/www.facebook.com\/Bajabikes.bcn\/?brand_redir=1198817846835600","article_modified_time":"2018-03-27T07:54:58+00:00","og_image":[{"width":1200,"height":675,"url":"https:\/\/cdn.bajabikes.eu\/blog\/wp-content\/uploads\/2024\/01\/24174153\/socialbajabikes.jpg","type":"image\/jpeg"}],"twitter_misc":{"Est. reading time":"1 minute"},"schema":{"@context":"https:\/\/schema.org","@graph":[{"@type":"WebPage","@id":"https:\/\/www.bajabikes.eu\/blog\/de\/ueber-baja-bikes\/","url":"https:\/\/www.bajabikes.eu\/blog\/de\/ueber-baja-bikes\/","name":"Blog | \u00dcber Baja Bikes","isPartOf":{"@id":"https:\/\/www.bajabikes.eu\/blog\/nl\/#website"},"datePublished":"2017-10-25T15:41:39+00:00","dateModified":"2018-03-27T07:54:58+00:00","breadcrumb":{"@id":"https:\/\/www.bajabikes.eu\/blog\/de\/ueber-baja-bikes\/#breadcrumb"},"inLanguage":"de","potentialAction":[{"@type":"ReadAction","target":["https:\/\/www.bajabikes.eu\/blog\/de\/ueber-baja-bikes\/"]}]},{"@type":"BreadcrumbList","@id":"https:\/\/www.bajabikes.eu\/blog\/de\/ueber-baja-bikes\/#breadcrumb","itemListElement":[{"@type":"ListItem","position":1,"name":"Home","item":"https:\/\/www.bajabikes.eu\/blog\/nl\/"},{"@type":"ListItem","position":2,"name":"\u00dcber Baja Bikes"}]},{"@type":"WebSite","@id":"https:\/\/www.bajabikes.eu\/blog\/nl\/#website","url":"https:\/\/www.bajabikes.eu\/blog\/nl\/","name":"Citytrip blog vol tips. Ontdek wereldsteden op de fiets met gids!","description":"Erlebe die sch\u00f6nsten Reiseziele mit den Tipps von Baja Bikes","publisher":{"@id":"https:\/\/www.bajabikes.eu\/blog\/nl\/#organization"},"potentialAction":[{"@type":"SearchAction","target":{"@type":"EntryPoint","urlTemplate":"https:\/\/www.bajabikes.eu\/blog\/nl\/?s={search_term_string}"},"query-input":{"@type":"PropertyValueSpecification","valueRequired":true,"valueName":"search_term_string"}}],"inLanguage":"de"},{"@type":"Organization","@id":"https:\/\/www.bajabikes.eu\/blog\/nl\/#organization","name":"Baja Bikes","alternateName":"Baja Bikes Fietstours","url":"https:\/\/www.bajabikes.eu\/blog\/nl\/","logo":{"@type":"ImageObject","inLanguage":"de","@id":"https:\/\/www.bajabikes.eu\/blog\/nl\/#\/schema\/logo\/image\/","url":"https:\/\/cdn.bajabikes.eu\/blog\/wp-content\/uploads\/2016\/03\/27160021\/Logo-Facebook.jpg","contentUrl":"https:\/\/cdn.bajabikes.eu\/blog\/wp-content\/uploads\/2016\/03\/27160021\/Logo-Facebook.jpg","width":546,"height":546,"caption":"Baja Bikes"},"image":{"@id":"https:\/\/www.bajabikes.eu\/blog\/nl\/#\/schema\/logo\/image\/"},"sameAs":["https:\/\/www.facebook.com\/Bajabikes.bcn\/?brand_redir=1198817846835600","https:\/\/x.com\/bajabikes","https:\/\/www.instagram.com\/bajabikes\/?hl=nl"],"description":"Baja Bikes is de marktleider in Nederlandstalige en internationale fietstours in meer dan 200 steden wereldwijd. Sinds 2005 maken we het voor reizigers makkelijk om een stad te ontdekken met een lokale gids op de fiets. Of je nu reist met je gezin, partner of in een groep, wij bieden veilige, informatieve en leuke tours die starten in het hart van de stad. Onze tours zijn online te boeken met gegarandeerde starttijden.","email":"info@bajabikes.eu","telephone":"+34646252199","legalName":"CITYTOURS & DREAMS, SL","foundingDate":"2005-01-06","vatID":"ESB64877202","numberOfEmployees":{"@type":"QuantitativeValue","minValue":"1","maxValue":"10"}}]}},"_links":{"self":[{"href":"https:\/\/www.bajabikes.eu\/blog\/de\/wp-json\/wp\/v2\/pages\/7478","targetHints":{"allow":["GET"]}}],"collection":[{"href":"https:\/\/www.bajabikes.eu\/blog\/de\/wp-json\/wp\/v2\/pages"}],"about":[{"href":"https:\/\/www.bajabikes.eu\/blog\/de\/wp-json\/wp\/v2\/types\/page"}],"author":[{"embeddable":true,"href":"https:\/\/www.bajabikes.eu\/blog\/de\/wp-json\/wp\/v2\/users\/12"}],"replies":[{"embeddable":true,"href":"https:\/\/www.bajabikes.eu\/blog\/de\/wp-json\/wp\/v2\/comments?post=7478"}],"version-history":[{"count":0,"href":"https:\/\/www.bajabikes.eu\/blog\/de\/wp-json\/wp\/v2\/pages\/7478\/revisions"}],"wp:attachment":[{"href":"https:\/\/www.bajabikes.eu\/blog\/de\/wp-json\/wp\/v2\/media?parent=7478"}],"curies":[{"name":"wp","href":"https:\/\/api.w.org\/{rel}","templated":true}]}}